{"id":1098,"date":"2019-08-07T12:52:20","date_gmt":"2019-08-07T10:52:20","guid":{"rendered":"https:\/\/mirkokulig.com\/?page_id=1098"},"modified":"2022-11-25T17:20:44","modified_gmt":"2022-11-25T16:20:44","slug":"socialita","status":"publish","type":"page","link":"https:\/\/mirkokulig.com\/en\/scienze\/socialita\/","title":{"rendered":"Socialit\u00e0"},"content":{"rendered":"<p>Alcuni articoli, lettere e riflessioni sulla socialit\u00e0<\/p>\n\n\n      <div id=\"post-grid-lazy-1108\" class=\"post-grid-lazy\"><img decoding=\"async\" alt=\"\" src=\"\" \/><\/div>\n    <script>\n      jQuery('#post-grid-lazy-1108').ready(function($) {\n        $('#post-grid-lazy-1108').fadeOut();\n        $('#post-grid-1108   ').fadeIn();\n      })\n    <\/script>\n    <style type=\"text\/css\">\n      #post-grid-1108 {\n        display: none;\n      }\n\n      .post-grid-lazy {\n        text-align: center;\n      }\n    <\/style>\n    <div data-options='{&quot;id&quot;:&quot;1108&quot;,&quot;lazy_load&quot;:&quot;yes&quot;,&quot;masonry_enable&quot;:&quot;no&quot;,&quot;view_type&quot;:&quot;grid&quot;}' id=\"post-grid-1108\" class=\"post-grid grid\">\n    \n\n\n    <div class=\"grid-items\">\n      <div class=\"item item-1937 skin flat even 0\">\n        <div class=\"layer-wrapper layout-\">\n        <div class=\"layer-media\"><a href=\"https:\/\/mirkokulig.com\/en\/problemi-con-la-costituzione-svizzera\/\"><img decoding=\"async\" alt=\"\" src=\"https:\/\/mirkokulig.com\/wp-content\/uploads\/2021\/09\/Thumb-1024x576.jpg\" \/><\/a><\/div>\n  <div class=\"layer-content\">\n        <div class=\"element element_0  title_link\">\r\n                    <a target=\"\"\r\n                href=\"https:\/\/mirkokulig.com\/en\/problemi-con-la-costituzione-svizzera\/\">Problemi con la costituzione svizzera<\/a>\r\n            <\/div>\r\n    <div class=\"element element_1  excerpt\">\r\n                    <\/div>\r\n            <a class=\"element element_2  read_more\"\r\n            target=\"\"\r\n            href=\"https:\/\/mirkokulig.com\/en\/problemi-con-la-costituzione-svizzera\/\"><\/a>\r\n      <\/div>\n    <\/div>\n  <\/div><div class=\"item item-1874 skin flat odd 1\">\n        <div class=\"layer-wrapper layout-\">\n        <div class=\"layer-media\"><a href=\"https:\/\/mirkokulig.com\/en\/video-la-convenzione-di-oviedo-sulla-biomedicina\/\"><img decoding=\"async\" alt=\"\" src=\"https:\/\/mirkokulig.com\/wp-content\/uploads\/2021\/06\/Thumb-4-1024x576.jpg\" \/><\/a><\/div>\n  <div class=\"layer-content\">\n        <div class=\"element element_0  title_link\">\r\n                    <a target=\"\"\r\n                href=\"https:\/\/mirkokulig.com\/en\/video-la-convenzione-di-oviedo-sulla-biomedicina\/\">Video &#8211; La convenzione di Oviedo sulla biomedicina<\/a>\r\n            <\/div>\r\n    <div class=\"element element_1  excerpt\">\r\n                    <\/div>\r\n            <a class=\"element element_2  read_more\"\r\n            target=\"\"\r\n            href=\"https:\/\/mirkokulig.com\/en\/video-la-convenzione-di-oviedo-sulla-biomedicina\/\"><\/a>\r\n      <\/div>\n    <\/div>\n  <\/div><div class=\"item item-1868 skin flat even 2\">\n        <div class=\"layer-wrapper layout-\">\n        <div class=\"layer-media\"><a href=\"https:\/\/mirkokulig.com\/en\/video-il-codice-di-norimberga\/\"><img decoding=\"async\" alt=\"\" src=\"https:\/\/mirkokulig.com\/wp-content\/uploads\/2021\/06\/thumb-3-1024x576.jpg\" \/><\/a><\/div>\n  <div class=\"layer-content\">\n        <div class=\"element element_0  title_link\">\r\n                    <a target=\"\"\r\n                href=\"https:\/\/mirkokulig.com\/en\/video-il-codice-di-norimberga\/\">Video &#8211; Il Codice di Norimberga<\/a>\r\n            <\/div>\r\n    <div class=\"element element_1  excerpt\">\r\n                    <\/div>\r\n            <a class=\"element element_2  read_more\"\r\n            target=\"\"\r\n            href=\"https:\/\/mirkokulig.com\/en\/video-il-codice-di-norimberga\/\"><\/a>\r\n      <\/div>\n    <\/div>\n  <\/div><div class=\"item item-1865 skin flat odd 3\">\n        <div class=\"layer-wrapper layout-\">\n        <div class=\"layer-media\"><a href=\"https:\/\/mirkokulig.com\/en\/i-principi-di-norimberga\/\"><img decoding=\"async\" alt=\"\" src=\"https:\/\/mirkokulig.com\/wp-content\/uploads\/2021\/06\/Thumb-2-1024x576.jpg\" \/><\/a><\/div>\n  <div class=\"layer-content\">\n        <div class=\"element element_0  title_link\">\r\n                    <a target=\"\"\r\n                href=\"https:\/\/mirkokulig.com\/en\/i-principi-di-norimberga\/\">Video &#8211; I Principi di Norimberga<\/a>\r\n            <\/div>\r\n    <div class=\"element element_1  excerpt\">\r\n                    <\/div>\r\n            <a class=\"element element_2  read_more\"\r\n            target=\"\"\r\n            href=\"https:\/\/mirkokulig.com\/en\/i-principi-di-norimberga\/\"><\/a>\r\n      <\/div>\n    <\/div>\n  <\/div><div class=\"item item-1862 skin flat even 4\">\n        <div class=\"layer-wrapper layout-\">\n        <div class=\"layer-media\"><a href=\"https:\/\/mirkokulig.com\/en\/confronto-tra-la-legge-attuale-cvd-19-e-quella-inviata-ai-votanti-per-le-votazioni-del-13-06-2021\/\"><img decoding=\"async\" alt=\"\" src=\"https:\/\/mirkokulig.com\/wp-content\/uploads\/2021\/06\/Thumb-1-1024x576.jpg\" \/><\/a><\/div>\n  <div class=\"layer-content\">\n        <div class=\"element element_0  title_link\">\r\n                    <a target=\"\"\r\n                href=\"https:\/\/mirkokulig.com\/en\/confronto-tra-la-legge-attuale-cvd-19-e-quella-inviata-ai-votanti-per-le-votazioni-del-13-06-2021\/\">Video &#8211; Confronto tra la legge attuale CVD-19 e quella inviata ai votanti per le votazioni del 13.06.2021<\/a>\r\n            <\/div>\r\n    <div class=\"element element_1  excerpt\">\r\n                    <\/div>\r\n            <a class=\"element element_2  read_more\"\r\n            target=\"\"\r\n            href=\"https:\/\/mirkokulig.com\/en\/confronto-tra-la-legge-attuale-cvd-19-e-quella-inviata-ai-votanti-per-le-votazioni-del-13-06-2021\/\"><\/a>\r\n      <\/div>\n    <\/div>\n  <\/div><div class=\"item item-1859 skin flat odd 5\">\n        <div class=\"layer-wrapper layout-\">\n        <div class=\"layer-media\"><a href=\"https:\/\/mirkokulig.com\/en\/gerarchia-delle-fonti-di-diritto-e-diritti-umani\/\"><img decoding=\"async\" alt=\"\" src=\"https:\/\/mirkokulig.com\/wp-content\/uploads\/2021\/06\/Thumb-1024x576.jpg\" \/><\/a><\/div>\n  <div class=\"layer-content\">\n        <div class=\"element element_0  title_link\">\r\n                    <a target=\"\"\r\n                href=\"https:\/\/mirkokulig.com\/en\/gerarchia-delle-fonti-di-diritto-e-diritti-umani\/\">Video &#8211; Gerarchia delle fonti di diritto e diritti umani<\/a>\r\n            <\/div>\r\n    <div class=\"element element_1  excerpt\">\r\n                    <\/div>\r\n            <a class=\"element element_2  read_more\"\r\n            target=\"\"\r\n            href=\"https:\/\/mirkokulig.com\/en\/gerarchia-delle-fonti-di-diritto-e-diritti-umani\/\"><\/a>\r\n      <\/div>\n    <\/div>\n  <\/div><div class=\"item item-1807 skin flat even 6\">\n        <div class=\"layer-wrapper layout-\">\n        <div class=\"layer-media\"><a href=\"https:\/\/mirkokulig.com\/en\/inpower-movement-2\/\"><img decoding=\"async\" alt=\"\" src=\"https:\/\/mirkokulig.com\/wp-content\/uploads\/2021\/01\/Copertina-sito-inpower.png\" \/><\/a><\/div>\n  <div class=\"layer-content\">\n        <div class=\"element element_0  title_link\">\r\n                    <a target=\"\"\r\n                href=\"https:\/\/mirkokulig.com\/en\/inpower-movement-2\/\">InPower Movement<\/a>\r\n            <\/div>\r\n    <div class=\"element element_1  excerpt\">\r\n        Inpower-Bewegung Inpower Movement ist das Geistesprodukt von Cal Washington, einem in Kanada lebenden Amerikaner. Cal hatte aus verschiedenen Gr\u00fcnden viel            <\/div>\r\n            <a class=\"element element_2  read_more\"\r\n            target=\"\"\r\n            href=\"https:\/\/mirkokulig.com\/en\/inpower-movement-2\/\"><\/a>\r\n      <\/div>\n    <\/div>\n  <\/div><div class=\"item item-1797 skin flat odd 7\">\n        <div class=\"layer-wrapper layout-\">\n        <div class=\"layer-media\"><a href=\"https:\/\/mirkokulig.com\/en\/inpower-movement\/\"><img decoding=\"async\" alt=\"\" src=\"https:\/\/mirkokulig.com\/wp-content\/uploads\/2021\/01\/Copertina-sito-inpower.png\" \/><\/a><\/div>\n  <div class=\"layer-content\">\n        <div class=\"element element_0  title_link\">\r\n                    <a target=\"\"\r\n                href=\"https:\/\/mirkokulig.com\/en\/inpower-movement\/\">Inpower movement<\/a>\r\n            <\/div>\r\n    <div class=\"element element_1  excerpt\">\r\n        Inpower Movement nasce dall\u2019esperienza di Cal Washington, un americano residente in Canada. Cal ha avuto molto a che fare coi            <\/div>\r\n            <a class=\"element element_2  read_more\"\r\n            target=\"\"\r\n            href=\"https:\/\/mirkokulig.com\/en\/inpower-movement\/\"><\/a>\r\n      <\/div>\n    <\/div>\n  <\/div><div class=\"item item-1649 skin flat even 8\">\n        <div class=\"layer-wrapper layout-\">\n        <div class=\"layer-media\"><a href=\"https:\/\/mirkokulig.com\/en\/estratti-di-libri-e-conferenze-di-rudolf-steiner-sul-tema-bacilli-virus-e-pandemie-2\/\"><img decoding=\"async\" alt=\"\" src=\"https:\/\/mirkokulig.com\/wp-content\/uploads\/2020\/08\/7G5bOeHOawY83m8td6lZQU-1024x681.jpg\" \/><\/a><\/div>\n  <div class=\"layer-content\">\n        <div class=\"element element_0  title_link\">\r\n                    <a target=\"\"\r\n                href=\"https:\/\/mirkokulig.com\/en\/estratti-di-libri-e-conferenze-di-rudolf-steiner-sul-tema-bacilli-virus-e-pandemie-2\/\">Estratti di libri e conferenze di Rudolf Steiner sul tema bacilli, virus e pandemie<\/a>\r\n            <\/div>\r\n    <div class=\"element element_1  excerpt\">\r\n        Scarica la versione pdf Nota del traduttore: ricordo che quanto scritto da Steiner si riferisce alla realt\u00e0 del primo ventennio            <\/div>\r\n            <a class=\"element element_2  read_more\"\r\n            target=\"\"\r\n            href=\"https:\/\/mirkokulig.com\/en\/estratti-di-libri-e-conferenze-di-rudolf-steiner-sul-tema-bacilli-virus-e-pandemie-2\/\"><\/a>\r\n      <\/div>\n    <\/div>\n  <\/div><div class=\"item item-1592 skin flat odd 9\">\n        <div class=\"layer-wrapper layout-\">\n        <div class=\"layer-media\"><a href=\"https:\/\/mirkokulig.com\/en\/lettera-aperta-ai-parlamentari-svizzeri\/\"><img decoding=\"async\" alt=\"\" src=\"https:\/\/mirkokulig.com\/wp-content\/uploads\/2020\/04\/Schweiz-JWS-Fotolia.com_620-620x340-1.jpg\" \/><\/a><\/div>\n  <div class=\"layer-content\">\n        <div class=\"element element_0  title_link\">\r\n                    <a target=\"\"\r\n                href=\"https:\/\/mirkokulig.com\/en\/lettera-aperta-ai-parlamentari-svizzeri\/\">Lettera aperta ai parlamentari svizzeri<\/a>\r\n            <\/div>\r\n    <div class=\"element element_1  excerpt\">\r\n        Scarica qui il PDF AGGIORNAMENTO 07.05.2020: La lettera \u00e8 stata bloccata da openpetition.eu, presumibilmente perch\u00e9 i dati da me forniti            <\/div>\r\n            <a class=\"element element_2  read_more\"\r\n            target=\"\"\r\n            href=\"https:\/\/mirkokulig.com\/en\/lettera-aperta-ai-parlamentari-svizzeri\/\"><\/a>\r\n      <\/div>\n    <\/div>\n  <\/div><div class=\"item item-1590 skin flat even 10\">\n        <div class=\"layer-wrapper layout-\">\n        <div class=\"layer-media\"><a href=\"https:\/\/mirkokulig.com\/en\/lettre-ouverte-aux-parlementaires-suisses\/\"><img decoding=\"async\" alt=\"\" src=\"https:\/\/mirkokulig.com\/wp-content\/uploads\/2020\/04\/Schweiz-JWS-Fotolia.com_620-620x340-1.jpg\" \/><\/a><\/div>\n  <div class=\"layer-content\">\n        <div class=\"element element_0  title_link\">\r\n                    <a target=\"\"\r\n                href=\"https:\/\/mirkokulig.com\/en\/lettre-ouverte-aux-parlementaires-suisses\/\">Lettre ouverte aux parlementaires suisses<\/a>\r\n            <\/div>\r\n    <div class=\"element element_1  excerpt\">\r\n        T\u00e9l\u00e9charger ici le PDF MISE \u00c0 JOUR 07.05.2020: La lettre a \u00e9t\u00e9 bloqu\u00e9e par openpetition.eu, soi-disant parce que les donn\u00e9es            <\/div>\r\n            <a class=\"element element_2  read_more\"\r\n            target=\"\"\r\n            href=\"https:\/\/mirkokulig.com\/en\/lettre-ouverte-aux-parlementaires-suisses\/\"><\/a>\r\n      <\/div>\n    <\/div>\n  <\/div><div class=\"item item-1581 skin flat odd 11\">\n        <div class=\"layer-wrapper layout-\">\n        <div class=\"layer-media\"><a href=\"https:\/\/mirkokulig.com\/en\/offener-brief-an-den-schweizer-parlamentarier\/\"><img decoding=\"async\" alt=\"\" src=\"https:\/\/mirkokulig.com\/wp-content\/uploads\/2020\/04\/Schweiz-JWS-Fotolia.com_620-620x340-1.jpg\" \/><\/a><\/div>\n  <div class=\"layer-content\">\n        <div class=\"element element_0  title_link\">\r\n                    <a target=\"\"\r\n                href=\"https:\/\/mirkokulig.com\/en\/offener-brief-an-den-schweizer-parlamentarier\/\">Offener Brief an die Schweizer Parlamentarier<\/a>\r\n            <\/div>\r\n    <div class=\"element element_1  excerpt\">\r\n        Hier PDF herunterladen UPDATE 07.05.2020: Der Brief wurde von openpetition.eu gesperrt, angeblich weil die Daten die ich gebe nicht aus            <\/div>\r\n            <a class=\"element element_2  read_more\"\r\n            target=\"\"\r\n            href=\"https:\/\/mirkokulig.com\/en\/offener-brief-an-den-schweizer-parlamentarier\/\"><\/a>\r\n      <\/div>\n    <\/div>\n  <\/div>    <\/div>\n    <div class=\"pagination\">\n      <div class=\"paginate\">\n    <span aria-label=\"Page 1\" aria-current=\"page\" class=\"page-numbers current\" data-no-translation-aria-label=\"\">1<\/span>\n<a aria-label=\"Page 2\" class=\"page-numbers\" href=\"https:\/\/mirkokulig.com\/en\/wp-json\/wp\/v2\/pages\/1098\/page\/2\/\" data-no-translation-aria-label=\"\">2<\/a>\n<a class=\"next page-numbers\" href=\"https:\/\/mirkokulig.com\/en\/wp-json\/wp\/v2\/pages\/1098\/page\/2\/\">Next \u00bb<\/a>  <\/div>\n  <style type=\"text\/css\">\n    #post-grid-1108 .pagination .page-numbers {\n      font-size: 16px;\n      color: #fff;\n      background: #646464;\n    }\n\n    #post-grid-1108 .pagination .page-numbers:hover,\n    #post-grid-1108 .pagination .page-numbers.current {\n      background: #4b4b4b;\n    }\n  <\/style>\n  <\/div>\n      <script>\n          <\/script>\n    <style type=\"text\/css\">\n    #post-grid-1108 .element_0 {\n      display: block;font-size: 21px;line-height: normal;padding: 5px 10px;text-align: left; text-decoration: none;    }\n\n    #post-grid-1108 .element_1 {\n      display: block;font-size: 14px;padding: 5px 10px;text-align: left;    }\n\n    #post-grid-1108 .element_2 {\n      display: block;font-size: 12px;font-weight: bold;padding: 0 10px;text-align: left;text-decoration: none;    }\n\n    #post-grid-1108 .element_0:hover{}#post-grid-1108 .element_1:hover{}#post-grid-1108 .element_2:hover{}  <\/style>\n  <style type=\"text\/css\">\n    #post-grid-1108 {\n      padding: 10px;\n          }\n\n    #post-grid-1108 .item {\n      padding: 0px;\n      background: #fff;\n          }\n\n    #post-grid-1108 .item .layer-media {\n      height:auto;    }\n\n    @media only screen and (min-width: 0px) and (max-width: 767px) {\n      #post-grid-1108 .grid-items {\n        text-align: center;\n              }\n\n      #post-grid-1108 .item {\n        width: 90%;\n        margin: 10px;\n        display: inline-block;\n        vertical-align: top;\n        height:auto;      }\n    }\n\n    @media only screen and (min-width: 768px) and (max-width: 1023px) {\n      #post-grid-1108 .grid-items {\n        text-align: center;\n              }\n\n      #post-grid-1108 .item {\n        width: 280px;\n        margin: 10px;\n        display: inline-block;\n        vertical-align: top;\n        max-height:auto;      }\n    }\n\n    @media only screen and (min-width: 1024px) {\n      #post-grid-1108 .grid-items {\n        text-align: center;\n              }\n\n      #post-grid-1108 .item {\n        width: 280px;\n        display: inline-block;\n        margin: 10px;\n        vertical-align: top;\n        height:auto;      }\n    }\n\n      <\/style>\n  <\/div>\n\n\n\n\n<hr class=\"wp-block-separator has-css-opacity\"\/>","protected":false},"excerpt":{"rendered":"<p>Alcuni articoli, lettere e riflessioni sulla socialit\u00e0<\/p>","protected":false},"author":1,"featured_media":0,"parent":619,"menu_order":0,"comment_status":"closed","ping_status":"closed","template":"","meta":{"footnotes":""},"class_list":["post-1098","page","type-page","status-publish","hentry"],"aioseo_notices":[],"_links":{"self":[{"href":"https:\/\/mirkokulig.com\/en\/wp-json\/wp\/v2\/pages\/1098","targetHints":{"allow":["GET"]}}],"collection":[{"href":"https:\/\/mirkokulig.com\/en\/wp-json\/wp\/v2\/pages"}],"about":[{"href":"https:\/\/mirkokulig.com\/en\/wp-json\/wp\/v2\/types\/page"}],"author":[{"embeddable":true,"href":"https:\/\/mirkokulig.com\/en\/wp-json\/wp\/v2\/users\/1"}],"replies":[{"embeddable":true,"href":"https:\/\/mirkokulig.com\/en\/wp-json\/wp\/v2\/comments?post=1098"}],"version-history":[{"count":5,"href":"https:\/\/mirkokulig.com\/en\/wp-json\/wp\/v2\/pages\/1098\/revisions"}],"predecessor-version":[{"id":2393,"href":"https:\/\/mirkokulig.com\/en\/wp-json\/wp\/v2\/pages\/1098\/revisions\/2393"}],"up":[{"embeddable":true,"href":"https:\/\/mirkokulig.com\/en\/wp-json\/wp\/v2\/pages\/619"}],"wp:attachment":[{"href":"https:\/\/mirkokulig.com\/en\/wp-json\/wp\/v2\/media?parent=1098"}],"curies":[{"name":"wp","href":"https:\/\/api.w.org\/{rel}","templated":true}]}}