{"id":1888,"date":"2021-08-03T12:23:05","date_gmt":"2021-08-03T10:23:05","guid":{"rendered":"https:\/\/mirkokulig.com\/?page_id=1888"},"modified":"2025-01-13T12:02:28","modified_gmt":"2025-01-13T11:02:28","slug":"shop-deutsch","status":"publish","type":"page","link":"https:\/\/mirkokulig.com\/en\/shop-deutsch\/","title":{"rendered":"Shop &#8211; Deutsch"},"content":{"rendered":"<p><\/p>\n\n\n\n<p>Ich verkaufe zur Zeit 3 Formate von Orgondecken. Ich habe darauf geachtet, dass alle Baumaterialien nat\u00fcrlich sind, auch das N\u00e4hgarn. Die Decken sind von mir handgefertigt. Obwohl ich in den meisten F\u00e4llen innerhalb von 2 Tagen nach der Auftragsbest\u00e4tigung versende, kann es aufgrund anderer Auftr\u00e4ge manchmal l\u00e4nger dauern. Unter <a href=\"https:\/\/mirkokulig.com\/en\/lieferkosten-und-zahlung\/\">diesem Link<\/a> finden Sie die Versandkosten und die Zahlungsmodalit\u00e4ten.<\/p>\n\n\n\n<hr class=\"wp-block-separator has-css-opacity\"\/>\n\n\n\n<h2 class=\"wp-block-heading\" id=\"3-schicht-orgon-decke-in-standardgrosse-40x40-cm\"><strong>3-Schicht-Orgon-Decke in Standardgr\u00f6\u00dfe 40&#215;40 cm<\/strong><\/h2>\n\n\n\n<p>Diese Orgondecke besteht aus 3 Schichten sehr feiner Stahlwolle der G\u00fcteklasse 0000, die sich mit 3 Schichten dicker Filz (70% Wolle, 30% Baumwolle) abwechseln. Melton-Baumwolle anstelle von Filz ist auf Anfrage erh\u00e4ltlich (bitte geben Sie Ihren Wunsch im Kommentarfeld des Bestellformulars an)<\/p>\n\n\n\n<figure class=\"wp-block-table\"><table><tbody><tr><td class=\"has-text-align-center\" data-align=\"center\"><img loading=\"lazy\" decoding=\"async\" width=\"200\" height=\"150\" class=\"wp-image-1397\" style=\"width: 200px;\" src=\"https:\/\/mirkokulig.com\/wp-content\/uploads\/2019\/12\/Coperta-orgonica-grande-con-federa.jpg\" alt=\"\" srcset=\"https:\/\/mirkokulig.com\/wp-content\/uploads\/2019\/12\/Coperta-orgonica-grande-con-federa.jpg 500w, https:\/\/mirkokulig.com\/wp-content\/uploads\/2019\/12\/Coperta-orgonica-grande-con-federa-300x225.jpg 300w\" sizes=\"auto, (max-width: 200px) 100vw, 200px\" \/><\/td><td class=\"has-text-align-center\" data-align=\"center\"><img loading=\"lazy\" decoding=\"async\" width=\"200\" height=\"150\" class=\"wp-image-1399\" style=\"width: 200px;\" src=\"https:\/\/mirkokulig.com\/wp-content\/uploads\/2019\/12\/Coperta-orgonica-grande-senza-federa.jpg\" alt=\"\" srcset=\"https:\/\/mirkokulig.com\/wp-content\/uploads\/2019\/12\/Coperta-orgonica-grande-senza-federa.jpg 500w, https:\/\/mirkokulig.com\/wp-content\/uploads\/2019\/12\/Coperta-orgonica-grande-senza-federa-300x225.jpg 300w\" sizes=\"auto, (max-width: 200px) 100vw, 200px\" \/><\/td><\/tr><tr><td class=\"has-text-align-center\" data-align=\"center\"><img loading=\"lazy\" decoding=\"async\" width=\"200\" height=\"150\" class=\"wp-image-1398\" style=\"width: 200px;\" src=\"https:\/\/mirkokulig.com\/wp-content\/uploads\/2019\/12\/Coperta-orgonica-grande-con-piega.jpg\" alt=\"\" srcset=\"https:\/\/mirkokulig.com\/wp-content\/uploads\/2019\/12\/Coperta-orgonica-grande-con-piega.jpg 500w, https:\/\/mirkokulig.com\/wp-content\/uploads\/2019\/12\/Coperta-orgonica-grande-con-piega-300x225.jpg 300w\" sizes=\"auto, (max-width: 200px) 100vw, 200px\" \/><\/td><td class=\"has-text-align-center\" data-align=\"center\"><img loading=\"lazy\" decoding=\"async\" width=\"200\" height=\"150\" class=\"wp-image-1426\" style=\"width: 200px;\" src=\"https:\/\/mirkokulig.com\/wp-content\/uploads\/2019\/12\/Coperta-orgonica-grande-con-confronto-mano.jpg\" alt=\"\" srcset=\"https:\/\/mirkokulig.com\/wp-content\/uploads\/2019\/12\/Coperta-orgonica-grande-con-confronto-mano.jpg 500w, https:\/\/mirkokulig.com\/wp-content\/uploads\/2019\/12\/Coperta-orgonica-grande-con-confronto-mano-300x225.jpg 300w\" sizes=\"auto, (max-width: 200px) 100vw, 200px\" \/><\/td><\/tr><\/tbody><\/table><\/figure>\n\n\n\n<p>Gr\u00f6sse: 40&#215;40 cm<\/p>\n\n\n\n<p>Kissenbezug aus Baumwolle ist im Lieferumfang enthalten.<\/p>\n\n\n\n<p><strong>Preis: 70 EUR + Versandkosten<\/strong><\/p>\n\n\n\n<p><\/p>\n\n\n\n<div class=\"wp-block-buttons is-layout-flex wp-block-buttons-is-layout-flex\">\n<div class=\"wp-block-button\"><a class=\"wp-block-button__link wp-element-button\" href=\"https:\/\/mirkokulig.com\/en\/bestellformular-fur-orgon-decken\/\">Bestellen<\/a><\/div>\n<\/div>\n\n\n\n<p><\/p>\n\n\n\n<hr class=\"wp-block-separator has-css-opacity\"\/>\n\n\n\n<h2 class=\"wp-block-heading\" id=\"kleinformatige-3-lagige-orgondecke-24x24-cm\"><strong>Kleinformatige 3-lagige Orgondecke 24&#215;24 cm <\/strong> <\/h2>\n\n\n\n<p>Diese Orgondecke besteht aus 3 Schichten sehr feiner Stahlwolle der G\u00fcteklasse 0000, die sich mit 3 Schichten dicker Filz (70% Wolle, 30% Baumwolle) abwechseln. Melton-Baumwolle anstelle von Filz ist auf Anfrage erh\u00e4ltlich (bitte geben Sie Ihren Wunsch im Kommentarfeld des Bestellformulars an)<\/p>\n\n\n\n<figure class=\"wp-block-table\"><table><tbody><tr><td class=\"has-text-align-center\" data-align=\"center\"><img loading=\"lazy\" decoding=\"async\" width=\"200\" height=\"150\" class=\"wp-image-1400\" style=\"width: 200px;\" src=\"https:\/\/mirkokulig.com\/wp-content\/uploads\/2019\/12\/Coperta-orgonica-piccola-con-federa.jpg\" alt=\"\" srcset=\"https:\/\/mirkokulig.com\/wp-content\/uploads\/2019\/12\/Coperta-orgonica-piccola-con-federa.jpg 500w, https:\/\/mirkokulig.com\/wp-content\/uploads\/2019\/12\/Coperta-orgonica-piccola-con-federa-300x225.jpg 300w\" sizes=\"auto, (max-width: 200px) 100vw, 200px\" \/><\/td><td class=\"has-text-align-center\" data-align=\"center\"><img loading=\"lazy\" decoding=\"async\" width=\"200\" height=\"150\" class=\"wp-image-1402\" style=\"width: 200px;\" src=\"https:\/\/mirkokulig.com\/wp-content\/uploads\/2019\/12\/Coperta-orgonica-piccola-senza-federa.jpg\" alt=\"\" srcset=\"https:\/\/mirkokulig.com\/wp-content\/uploads\/2019\/12\/Coperta-orgonica-piccola-senza-federa.jpg 500w, https:\/\/mirkokulig.com\/wp-content\/uploads\/2019\/12\/Coperta-orgonica-piccola-senza-federa-300x225.jpg 300w\" sizes=\"auto, (max-width: 200px) 100vw, 200px\" \/><\/td><\/tr><tr><td class=\"has-text-align-center\" data-align=\"center\"><img loading=\"lazy\" decoding=\"async\" width=\"200\" height=\"150\" class=\"wp-image-1401\" style=\"width: 200px;\" src=\"https:\/\/mirkokulig.com\/wp-content\/uploads\/2019\/12\/Coperta-orgonica-piccola-con-piega.jpg\" alt=\"\" srcset=\"https:\/\/mirkokulig.com\/wp-content\/uploads\/2019\/12\/Coperta-orgonica-piccola-con-piega.jpg 500w, https:\/\/mirkokulig.com\/wp-content\/uploads\/2019\/12\/Coperta-orgonica-piccola-con-piega-300x225.jpg 300w\" sizes=\"auto, (max-width: 200px) 100vw, 200px\" \/><\/td><td class=\"has-text-align-center\" data-align=\"center\"><img loading=\"lazy\" decoding=\"async\" width=\"200\" height=\"150\" class=\"wp-image-1427\" style=\"width: 200px;\" src=\"https:\/\/mirkokulig.com\/wp-content\/uploads\/2019\/12\/Coperta-orgonica-piccola-con-confronto-mano.jpg\" alt=\"\" srcset=\"https:\/\/mirkokulig.com\/wp-content\/uploads\/2019\/12\/Coperta-orgonica-piccola-con-confronto-mano.jpg 500w, https:\/\/mirkokulig.com\/wp-content\/uploads\/2019\/12\/Coperta-orgonica-piccola-con-confronto-mano-300x225.jpg 300w\" sizes=\"auto, (max-width: 200px) 100vw, 200px\" \/><\/td><\/tr><\/tbody><\/table><\/figure>\n\n\n\n<p> Gr\u00f6sse: 24&#215;24 cm <\/p>\n\n\n\n<p> Kissenbezug aus Baumwolle ist im Lieferumfang enthalten. <\/p>\n\n\n\n<p><strong>Preis: 30 EUR + Versandkosten<\/strong><\/p>\n\n\n\n<div class=\"wp-block-buttons is-layout-flex wp-block-buttons-is-layout-flex\">\n<div class=\"wp-block-button\"><a class=\"wp-block-button__link wp-element-button\" href=\"https:\/\/mirkokulig.com\/en\/bestellformular-fur-orgon-decken-klein\/\">Bestellen<\/a><\/div>\n<\/div>\n\n\n<p><!--EndFragment--><\/p>\n\n\n<h2 class=\"wp-block-heading\" id=\"3-lagiges-taschen-orgon-pad-8x11-cm\">3-lagiges Taschen-Orgon-Pad 8&#215;11 cm<\/h2>\n\n\n\n<p>Dieses Orgon-Pad besteht aus 3 Schichten sehr feiner Stahlwolle der G\u00fcteklasse 0000, die sich mit 3 Schichten dicker Filz (70% Wolle, 30% Baumwolle) abwechseln. Ideal zum Mitnehmen in der Tasche oder im Portemonnaie. Melton-Baumwolle anstelle von Filz ist auf Anfrage erh\u00e4ltlich (bitte geben Sie Ihren Wunsch im Kommentarfeld des Bestellformulars an)<\/p>\n\n\n\n<figure class=\"wp-block-table\"><table><tbody><tr><td><img loading=\"lazy\" decoding=\"async\" width=\"200\" height=\"150\" class=\"wp-image-1764\" style=\"width: 200px;\" src=\"https:\/\/mirkokulig.com\/wp-content\/uploads\/2020\/12\/DSC05552-scaled.jpg\" alt=\"\" srcset=\"https:\/\/mirkokulig.com\/wp-content\/uploads\/2020\/12\/DSC05552-scaled.jpg 2560w, https:\/\/mirkokulig.com\/wp-content\/uploads\/2020\/12\/DSC05552-scaled-600x450.jpg 600w, https:\/\/mirkokulig.com\/wp-content\/uploads\/2020\/12\/DSC05552-scaled-300x225.jpg 300w, https:\/\/mirkokulig.com\/wp-content\/uploads\/2020\/12\/DSC05552-scaled-1024x768.jpg 1024w, https:\/\/mirkokulig.com\/wp-content\/uploads\/2020\/12\/DSC05552-scaled-768x576.jpg 768w, https:\/\/mirkokulig.com\/wp-content\/uploads\/2020\/12\/DSC05552-scaled-1536x1152.jpg 1536w, https:\/\/mirkokulig.com\/wp-content\/uploads\/2020\/12\/DSC05552-scaled-2048x1536.jpg 2048w, https:\/\/mirkokulig.com\/wp-content\/uploads\/2020\/12\/DSC05552-scaled-1600x1200.jpg 1600w\" sizes=\"auto, (max-width: 200px) 100vw, 200px\" \/><\/td><td><img loading=\"lazy\" decoding=\"async\" width=\"200\" height=\"150\" class=\"wp-image-1765\" style=\"width: 200px;\" src=\"https:\/\/mirkokulig.com\/wp-content\/uploads\/2020\/12\/DSC05554-scaled.jpg\" alt=\"\" srcset=\"https:\/\/mirkokulig.com\/wp-content\/uploads\/2020\/12\/DSC05554-scaled.jpg 2560w, https:\/\/mirkokulig.com\/wp-content\/uploads\/2020\/12\/DSC05554-scaled-600x450.jpg 600w, https:\/\/mirkokulig.com\/wp-content\/uploads\/2020\/12\/DSC05554-scaled-300x225.jpg 300w, https:\/\/mirkokulig.com\/wp-content\/uploads\/2020\/12\/DSC05554-scaled-1024x768.jpg 1024w, https:\/\/mirkokulig.com\/wp-content\/uploads\/2020\/12\/DSC05554-scaled-768x576.jpg 768w, https:\/\/mirkokulig.com\/wp-content\/uploads\/2020\/12\/DSC05554-scaled-1536x1152.jpg 1536w, https:\/\/mirkokulig.com\/wp-content\/uploads\/2020\/12\/DSC05554-scaled-2048x1536.jpg 2048w, https:\/\/mirkokulig.com\/wp-content\/uploads\/2020\/12\/DSC05554-scaled-1600x1200.jpg 1600w\" sizes=\"auto, (max-width: 200px) 100vw, 200px\" \/><\/td><td><\/td><\/tr><tr><td><img loading=\"lazy\" decoding=\"async\" width=\"200\" height=\"150\" class=\"wp-image-1766\" style=\"width: 200px;\" src=\"https:\/\/mirkokulig.com\/wp-content\/uploads\/2020\/12\/DSC05555-scaled.jpg\" alt=\"\" srcset=\"https:\/\/mirkokulig.com\/wp-content\/uploads\/2020\/12\/DSC05555-scaled.jpg 2560w, https:\/\/mirkokulig.com\/wp-content\/uploads\/2020\/12\/DSC05555-scaled-600x450.jpg 600w, https:\/\/mirkokulig.com\/wp-content\/uploads\/2020\/12\/DSC05555-scaled-300x225.jpg 300w, https:\/\/mirkokulig.com\/wp-content\/uploads\/2020\/12\/DSC05555-scaled-1024x768.jpg 1024w, https:\/\/mirkokulig.com\/wp-content\/uploads\/2020\/12\/DSC05555-scaled-768x576.jpg 768w, https:\/\/mirkokulig.com\/wp-content\/uploads\/2020\/12\/DSC05555-scaled-1536x1152.jpg 1536w, https:\/\/mirkokulig.com\/wp-content\/uploads\/2020\/12\/DSC05555-scaled-2048x1536.jpg 2048w, https:\/\/mirkokulig.com\/wp-content\/uploads\/2020\/12\/DSC05555-scaled-1600x1200.jpg 1600w\" sizes=\"auto, (max-width: 200px) 100vw, 200px\" \/><\/td><td><img loading=\"lazy\" decoding=\"async\" width=\"200\" height=\"150\" class=\"wp-image-1767\" style=\"width: 200px;\" src=\"https:\/\/mirkokulig.com\/wp-content\/uploads\/2020\/12\/DSC05556-scaled.jpg\" alt=\"\" srcset=\"https:\/\/mirkokulig.com\/wp-content\/uploads\/2020\/12\/DSC05556-scaled.jpg 2560w, https:\/\/mirkokulig.com\/wp-content\/uploads\/2020\/12\/DSC05556-scaled-600x450.jpg 600w, https:\/\/mirkokulig.com\/wp-content\/uploads\/2020\/12\/DSC05556-scaled-300x225.jpg 300w, https:\/\/mirkokulig.com\/wp-content\/uploads\/2020\/12\/DSC05556-scaled-1024x768.jpg 1024w, https:\/\/mirkokulig.com\/wp-content\/uploads\/2020\/12\/DSC05556-scaled-768x576.jpg 768w, https:\/\/mirkokulig.com\/wp-content\/uploads\/2020\/12\/DSC05556-scaled-1536x1152.jpg 1536w, https:\/\/mirkokulig.com\/wp-content\/uploads\/2020\/12\/DSC05556-scaled-2048x1536.jpg 2048w, https:\/\/mirkokulig.com\/wp-content\/uploads\/2020\/12\/DSC05556-scaled-1600x1200.jpg 1600w\" sizes=\"auto, (max-width: 200px) 100vw, 200px\" \/><\/td><td><\/td><\/tr><\/tbody><\/table><\/figure>\n\n\n\n<p> Gr\u00f6sse: 8&#215;11 cm <\/p>\n\n\n\n<p>Kissenbezug aus Baumwolle ist im Lieferumfang enthalten.  <\/p>\n\n\n\n<p><strong>Preis: 18 EUR + Versandkosten<\/strong><\/p>\n\n\n\n<div class=\"wp-block-buttons is-layout-flex wp-block-buttons-is-layout-flex\">\n<div class=\"wp-block-button\"><a class=\"wp-block-button__link wp-element-button\" href=\"https:\/\/mirkokulig.com\/en\/bestellformular-fur-taschen-orgon-pad\/\">Bestellen<\/a><\/div>\n<\/div>","protected":false},"excerpt":{"rendered":"<p>Ich verkaufe zur Zeit 3 Formate von Orgondecken. Ich habe darauf geachtet, dass alle Baumaterialien nat\u00fcrlich sind, auch das N\u00e4hgarn.&hellip;<\/p>","protected":false},"author":1,"featured_media":0,"parent":0,"menu_order":0,"comment_status":"closed","ping_status":"closed","template":"","meta":{"footnotes":""},"class_list":["post-1888","page","type-page","status-publish","hentry"],"aioseo_notices":[],"_links":{"self":[{"href":"https:\/\/mirkokulig.com\/en\/wp-json\/wp\/v2\/pages\/1888","targetHints":{"allow":["GET"]}}],"collection":[{"href":"https:\/\/mirkokulig.com\/en\/wp-json\/wp\/v2\/pages"}],"about":[{"href":"https:\/\/mirkokulig.com\/en\/wp-json\/wp\/v2\/types\/page"}],"author":[{"embeddable":true,"href":"https:\/\/mirkokulig.com\/en\/wp-json\/wp\/v2\/users\/1"}],"replies":[{"embeddable":true,"href":"https:\/\/mirkokulig.com\/en\/wp-json\/wp\/v2\/comments?post=1888"}],"version-history":[{"count":27,"href":"https:\/\/mirkokulig.com\/en\/wp-json\/wp\/v2\/pages\/1888\/revisions"}],"predecessor-version":[{"id":2722,"href":"https:\/\/mirkokulig.com\/en\/wp-json\/wp\/v2\/pages\/1888\/revisions\/2722"}],"wp:attachment":[{"href":"https:\/\/mirkokulig.com\/en\/wp-json\/wp\/v2\/media?parent=1888"}],"curies":[{"name":"wp","href":"https:\/\/api.w.org\/{rel}","templated":true}]}}