{"id":1890,"date":"2021-08-03T12:23:49","date_gmt":"2021-08-03T10:23:49","guid":{"rendered":"https:\/\/mirkokulig.com\/?page_id=1890"},"modified":"2025-01-13T12:09:47","modified_gmt":"2025-01-13T11:09:47","slug":"lieferkosten-und-zahlung","status":"publish","type":"page","link":"https:\/\/mirkokulig.com\/en\/lieferkosten-und-zahlung\/","title":{"rendered":"Lieferkosten und Zahlung"},"content":{"rendered":"<div class=\"wp-block-buttons is-layout-flex wp-block-buttons-is-layout-flex\">\n<div class=\"wp-block-button\"><a class=\"wp-block-button__link wp-element-button\" href=\"https:\/\/mirkokulig.com\/en\/shop-deutsch\/\">Zur\u00fcck zum Shop<\/a><\/div>\n<\/div>\n\n\n\n<h3 class=\"wp-block-heading\">Versand<\/h3>\n\n\n\n<p><\/p>\n\n\n\n<h3 class=\"wp-block-heading\"><strong><span style=\"color:#0400ff\" class=\"has-inline-color\">Orgondecken in Standardgr\u00f6\u00dfe und kleiner Gr\u00f6\u00dfe<\/span><\/strong><\/h3>\n\n\n\n<p><\/p>\n\n\n\n<p><strong>Schweiz<\/strong><\/p>\n\n\n\n<p>Economy 8.50 CHF<\/p>\n\n\n\n<p>Priority 10.50 CHF<\/p>\n\n\n\n<p><strong>EU-L\u00e4nder (einschlie\u00dflich UK)<\/strong><\/p>\n\n\n\n<p>Economy 15 CHF<\/p>\n\n\n\n<p>Priority with tracking 20 CHF<\/p>\n\n\n\n<p><strong>Rest der Welt<\/strong><\/p>\n\n\n\n<p>Economy 19 CHF<\/p>\n\n\n\n<p>Priority with tracking    23 CHF<\/p>\n\n\n\n<h3 class=\"wp-block-heading\"><strong><span style=\"color:#0400ff\" class=\"has-inline-color\">Orgon-Pad im Taschenformat<\/span><\/strong><\/h3>\n\n\n\n<p><\/p>\n\n\n\n<p><strong>Schweiz<\/strong><\/p>\n\n\n\n<p>Economy 1.00 CHF<\/p>\n\n\n\n<p>Priority 1.20 CHF<\/p>\n\n\n\n<p><strong> <strong>EU-L\u00e4nder (einschlie\u00dflich UK)<\/strong> <\/strong><\/p>\n\n\n\n<p>Priority 10 CHF<\/p>\n\n\n\n<p><strong><strong>Rest der Welt<\/strong> <\/strong><\/p>\n\n\n\n<p>Priority 13 CHF<\/p>\n\n\n\n<h3 class=\"wp-block-heading\"><strong>Zahlung<\/strong><\/h3>\n\n\n\n<p><strong>Schweiz: <\/strong>Bank\u00fcberweisung<\/p>\n\n\n\n<p><strong>EU-L\u00e4nder<\/strong>: Paypal oder SEPA  Bank\u00fcberweisung<\/p>\n\n\n\n<p><strong>Rest der Welt<\/strong>: Paypal<\/p>\n\n\n\n<div class=\"wp-block-buttons is-layout-flex wp-block-buttons-is-layout-flex\">\n<div class=\"wp-block-button\"><a class=\"wp-block-button__link wp-element-button\" href=\"https:\/\/mirkokulig.com\/en\/shop-deutsch\/\"> Zur\u00fcck zum Shop <\/a><\/div>\n<\/div>\n\n\n\n<div class=\"wp-block-buttons is-layout-flex wp-block-buttons-is-layout-flex\"><\/div>\n\n\n\n<p><\/p>","protected":false},"excerpt":{"rendered":"<p>Versand Orgondecken in Standardgr\u00f6\u00dfe und kleiner Gr\u00f6\u00dfe Schweiz Economy 8.50 CHF Priority 10.50 CHF EU-L\u00e4nder (einschlie\u00dflich UK) Economy 15 CHF&hellip;<\/p>","protected":false},"author":1,"featured_media":0,"parent":0,"menu_order":0,"comment_status":"closed","ping_status":"closed","template":"","meta":{"footnotes":""},"class_list":["post-1890","page","type-page","status-publish","hentry"],"aioseo_notices":[],"_links":{"self":[{"href":"https:\/\/mirkokulig.com\/en\/wp-json\/wp\/v2\/pages\/1890","targetHints":{"allow":["GET"]}}],"collection":[{"href":"https:\/\/mirkokulig.com\/en\/wp-json\/wp\/v2\/pages"}],"about":[{"href":"https:\/\/mirkokulig.com\/en\/wp-json\/wp\/v2\/types\/page"}],"author":[{"embeddable":true,"href":"https:\/\/mirkokulig.com\/en\/wp-json\/wp\/v2\/users\/1"}],"replies":[{"embeddable":true,"href":"https:\/\/mirkokulig.com\/en\/wp-json\/wp\/v2\/comments?post=1890"}],"version-history":[{"count":9,"href":"https:\/\/mirkokulig.com\/en\/wp-json\/wp\/v2\/pages\/1890\/revisions"}],"predecessor-version":[{"id":2728,"href":"https:\/\/mirkokulig.com\/en\/wp-json\/wp\/v2\/pages\/1890\/revisions\/2728"}],"wp:attachment":[{"href":"https:\/\/mirkokulig.com\/en\/wp-json\/wp\/v2\/media?parent=1890"}],"curies":[{"name":"wp","href":"https:\/\/api.w.org\/{rel}","templated":true}]}}