{"id":2,"date":"2019-07-29T08:46:46","date_gmt":"2019-07-29T06:46:46","guid":{"rendered":"https:\/\/mirkokulig.com\/?page_id=2"},"modified":"2021-09-06T14:11:16","modified_gmt":"2021-09-06T12:11:16","slug":"chi-sono","status":"publish","type":"page","link":"https:\/\/mirkokulig.com\/en\/chi-sono\/","title":{"rendered":"Chi sono"},"content":{"rendered":"<div class=\"wp-block-image\"><figure class=\"alignright is-resized\"><img loading=\"lazy\" decoding=\"async\" src=\"https:\/\/mirkokulig.com\/wp-content\/uploads\/2019\/07\/MIrko-Kulig-896x1024.jpg\" alt=\"\" class=\"wp-image-365\" width=\"448\" height=\"512\"\/><\/figure><\/div>\n\n\n\n<p>Da oltre venti\nanni studio e ricerco in modo indipendente le scienze alternative. Per scienze\nalternative si intende il lavoro di una serie di scienziati che hanno fatto\nimportanti scoperte procedendo in modo scientifico e pragmatico nel loro lavoro,\nma il cui contributo non \u00e8 stato riconosciuto dall\u2019autorit\u00e0 scientifica\nufficiale. Questi scienziati sono spesso stati dimenticati e sono morti nell\u2019oblio\ngenerale. <\/p>\n\n\n\n<p>Ho ripreso in\nmano il loro lavoro ed ho sperimentato con le tecniche e le tecnologie che\navevano sviluppato, confermando spesso le loro conclusioni.<\/p>\n\n\n\n<p>Questo studio mi ha permesso di cominciare a costruire un ponte tra due discipline polari esistenti nel mondo d\u2019oggi: la scienza e la spiritualit\u00e0. \u00c8 mia profonda convinzione che quanto ricercato da questi scienziati si trovi sul confine tra gli ambiti pi\u00f9 fisici studiati dalla scienza odierna e le innumerevoli tradizioni spirituali di tutto il mondo, che in ultima analisi dicono tutte la stessa cosa. <\/p>\n\n\n\n<p>Negli ultimi\ndieci anni ho lavorato come insegnante di scienze presso una scuola Waldorf\n(Steiner), lavoro che mi ha permesso di approfondire l\u2019approccio scientifico\nfenomenologico, anche detto goetheanismo in onore del poeta e scienziato\ntedesco Johann Wolfgang von Goethe il quale, secondo Rudolf Steiner, \u00e8 stato il\nprimo ad utilizzare questo approccio.<\/p>\n\n\n\n<p>A quanto fin qui detto si aggiunge la mia passione per l\u2019archeologia, per la natura ed in generale per molti altri campi del vissuto umano a cui mi sono prima o poi dedicato e su cui ho fatto ricerche e prodotto materiale scritto.<\/p>\n\n\n\n<p>Questo sito vuole essere una raccolta di quanto da me fin qui studiato, ricercato e sperimentato sul mio cammino di ricerca di una visione unitaria del mondo.<\/p>\n\n\n\n<p>Grazie!<\/p>\n\n\n\n<p>Mirko Kulig,\n30.07.2019<\/p>","protected":false},"excerpt":{"rendered":"<p>Da oltre venti anni studio e ricerco in modo indipendente le scienze alternative. Per scienze alternative si intende il lavoro&hellip;<\/p>","protected":false},"author":1,"featured_media":0,"parent":0,"menu_order":0,"comment_status":"closed","ping_status":"closed","template":"","meta":{"footnotes":""},"class_list":["post-2","page","type-page","status-publish","hentry"],"aioseo_notices":[],"_links":{"self":[{"href":"https:\/\/mirkokulig.com\/en\/wp-json\/wp\/v2\/pages\/2","targetHints":{"allow":["GET"]}}],"collection":[{"href":"https:\/\/mirkokulig.com\/en\/wp-json\/wp\/v2\/pages"}],"about":[{"href":"https:\/\/mirkokulig.com\/en\/wp-json\/wp\/v2\/types\/page"}],"author":[{"embeddable":true,"href":"https:\/\/mirkokulig.com\/en\/wp-json\/wp\/v2\/users\/1"}],"replies":[{"embeddable":true,"href":"https:\/\/mirkokulig.com\/en\/wp-json\/wp\/v2\/comments?post=2"}],"version-history":[{"count":9,"href":"https:\/\/mirkokulig.com\/en\/wp-json\/wp\/v2\/pages\/2\/revisions"}],"predecessor-version":[{"id":1940,"href":"https:\/\/mirkokulig.com\/en\/wp-json\/wp\/v2\/pages\/2\/revisions\/1940"}],"wp:attachment":[{"href":"https:\/\/mirkokulig.com\/en\/wp-json\/wp\/v2\/media?parent=2"}],"curies":[{"name":"wp","href":"https:\/\/api.w.org\/{rel}","templated":true}]}}