{"id":609,"date":"2019-07-31T17:24:22","date_gmt":"2019-07-31T15:24:22","guid":{"rendered":"https:\/\/mirkokulig.com\/?page_id=609"},"modified":"2022-11-25T17:17:34","modified_gmt":"2022-11-25T16:17:34","slug":"deutsch","status":"publish","type":"page","link":"https:\/\/mirkokulig.com\/en\/deutsch\/","title":{"rendered":"Deutsch"},"content":{"rendered":"<p><\/p>\n\n\n      <div id=\"post-grid-lazy-928\" class=\"post-grid-lazy\"><img decoding=\"async\" alt=\"\" src=\"\" \/><\/div>\n    <script>\n      jQuery('#post-grid-lazy-928').ready(function($) {\n        $('#post-grid-lazy-928').fadeOut();\n        $('#post-grid-928   ').fadeIn();\n      })\n    <\/script>\n    <style type=\"text\/css\">\n      #post-grid-928 {\n        display: none;\n      }\n\n      .post-grid-lazy {\n        text-align: center;\n      }\n    <\/style>\n    <div data-options='{&quot;id&quot;:&quot;928&quot;,&quot;lazy_load&quot;:&quot;yes&quot;,&quot;masonry_enable&quot;:&quot;no&quot;,&quot;view_type&quot;:&quot;grid&quot;}' id=\"post-grid-928\" class=\"post-grid grid\">\n    \n\n\n    <div class=\"grid-items\">\n      <div class=\"item item-1817 skin flat even 0\">\n        <div class=\"layer-wrapper layout-\">\n        <div class=\"layer-media\"><a href=\"https:\/\/mirkokulig.com\/en\/violet-ray-resources-and-documentation\/\"><img decoding=\"async\" alt=\"\" src=\"https:\/\/mirkokulig.com\/wp-content\/uploads\/2021\/01\/Thumbnail-pagina-sito-1024x576.png\" \/><\/a><\/div>\n  <div class=\"layer-content\">\n        <div class=\"element element_0  title_link\">\r\n                    <a target=\"\"\r\n                href=\"https:\/\/mirkokulig.com\/en\/violet-ray-resources-and-documentation\/\">Violet Ray Resources and documentation<\/a>\r\n            <\/div>\r\n    <div class=\"element element_1  excerpt\">\r\n        In this page you will find some pdfs you can download with original user manuals of historical Violet Rays, safety            <\/div>\r\n            <a class=\"element element_2  read_more\"\r\n            target=\"\"\r\n            href=\"https:\/\/mirkokulig.com\/en\/violet-ray-resources-and-documentation\/\"><\/a>\r\n      <\/div>\n    <\/div>\n  <\/div><div class=\"item item-1807 skin flat odd 1\">\n        <div class=\"layer-wrapper layout-\">\n        <div class=\"layer-media\"><a href=\"https:\/\/mirkokulig.com\/en\/inpower-movement-2\/\"><img decoding=\"async\" alt=\"\" src=\"https:\/\/mirkokulig.com\/wp-content\/uploads\/2021\/01\/Copertina-sito-inpower.png\" \/><\/a><\/div>\n  <div class=\"layer-content\">\n        <div class=\"element element_0  title_link\">\r\n                    <a target=\"\"\r\n                href=\"https:\/\/mirkokulig.com\/en\/inpower-movement-2\/\">InPower Movement<\/a>\r\n            <\/div>\r\n    <div class=\"element element_1  excerpt\">\r\n        Inpower-Bewegung Inpower Movement ist das Geistesprodukt von Cal Washington, einem in Kanada lebenden Amerikaner. Cal hatte aus verschiedenen Gr\u00fcnden viel            <\/div>\r\n            <a class=\"element element_2  read_more\"\r\n            target=\"\"\r\n            href=\"https:\/\/mirkokulig.com\/en\/inpower-movement-2\/\"><\/a>\r\n      <\/div>\n    <\/div>\n  <\/div><div class=\"item item-1581 skin flat even 2\">\n        <div class=\"layer-wrapper layout-\">\n        <div class=\"layer-media\"><a href=\"https:\/\/mirkokulig.com\/en\/offener-brief-an-den-schweizer-parlamentarier\/\"><img decoding=\"async\" alt=\"\" src=\"https:\/\/mirkokulig.com\/wp-content\/uploads\/2020\/04\/Schweiz-JWS-Fotolia.com_620-620x340-1.jpg\" \/><\/a><\/div>\n  <div class=\"layer-content\">\n        <div class=\"element element_0  title_link\">\r\n                    <a target=\"\"\r\n                href=\"https:\/\/mirkokulig.com\/en\/offener-brief-an-den-schweizer-parlamentarier\/\">Offener Brief an die Schweizer Parlamentarier<\/a>\r\n            <\/div>\r\n    <div class=\"element element_1  excerpt\">\r\n        Hier PDF herunterladen UPDATE 07.05.2020: Der Brief wurde von openpetition.eu gesperrt, angeblich weil die Daten die ich gebe nicht aus            <\/div>\r\n            <a class=\"element element_2  read_more\"\r\n            target=\"\"\r\n            href=\"https:\/\/mirkokulig.com\/en\/offener-brief-an-den-schweizer-parlamentarier\/\"><\/a>\r\n      <\/div>\n    <\/div>\n  <\/div><div class=\"item item-1384 skin flat odd 3\">\n        <div class=\"layer-wrapper layout-\">\n        <div class=\"layer-media\"><a href=\"https:\/\/mirkokulig.com\/en\/anleitungen-fur-die-verwendung-der-orgon-decke\/\"><img decoding=\"async\" alt=\"coperta orgonica\" src=\"https:\/\/mirkokulig.com\/wp-content\/uploads\/2019\/07\/Orgone-blankets.jpg\" \/><\/a><\/div>\n  <div class=\"layer-content\">\n        <div class=\"element element_0  title_link\">\r\n                    <a target=\"\"\r\n                href=\"https:\/\/mirkokulig.com\/en\/anleitungen-fur-die-verwendung-der-orgon-decke\/\">Anleitungen f\u00fcr die Verwendung der Orgon-Decke<\/a>\r\n            <\/div>\r\n    <div class=\"element element_1  excerpt\">\r\n        Die Brosch\u00fcre hier herunterladen Haftungsausschluss Die in dieser Brosch\u00fcre enthaltenen Informationen sind allgemeiner Natur und werden nur zu Bildungszwecken ver\u00f6ffentlicht.            <\/div>\r\n            <a class=\"element element_2  read_more\"\r\n            target=\"\"\r\n            href=\"https:\/\/mirkokulig.com\/en\/anleitungen-fur-die-verwendung-der-orgon-decke\/\"><\/a>\r\n      <\/div>\n    <\/div>\n  <\/div><div class=\"item item-1093 skin flat even 4\">\n        <div class=\"layer-wrapper layout-\">\n        <div class=\"layer-media\"><a href=\"https:\/\/mirkokulig.com\/en\/rettung-der-kindheit\/\"><img decoding=\"async\" alt=\"children\" src=\"https:\/\/mirkokulig.com\/wp-content\/uploads\/2019\/08\/childhood-1024x682.jpg\" \/><\/a><\/div>\n  <div class=\"layer-content\">\n        <div class=\"element element_0  title_link\">\r\n                    <a target=\"\"\r\n                href=\"https:\/\/mirkokulig.com\/en\/rettung-der-kindheit\/\">Rettung der Kindheit<\/a>\r\n            <\/div>\r\n    <div class=\"element element_1  excerpt\">\r\n        Memorandum f\u00fcr eine elementare Handlungsp\u00e4dagogik Peter Guttenh\u00f6fer 2011 Auf unserer sch\u00f6nen Erde ist die Natur in Gefahr. Pflanzen und Tiere            <\/div>\r\n            <a class=\"element element_2  read_more\"\r\n            target=\"\"\r\n            href=\"https:\/\/mirkokulig.com\/en\/rettung-der-kindheit\/\"><\/a>\r\n      <\/div>\n    <\/div>\n  <\/div><div class=\"item item-965 skin flat odd 5\">\n        <div class=\"layer-wrapper layout-\">\n        <div class=\"layer-media\"><a href=\"https:\/\/mirkokulig.com\/en\/auszuge-aus-buchern-und-vorlesungen-von-steiner-zum-thema-noten-und-zeugnisse\/\"><img decoding=\"async\" alt=\"\" src=\"https:\/\/mirkokulig.com\/wp-content\/uploads\/2019\/08\/studente-1024x731.jpg\" \/><\/a><\/div>\n  <div class=\"layer-content\">\n        <div class=\"element element_0  title_link\">\r\n                    <a target=\"\"\r\n                href=\"https:\/\/mirkokulig.com\/en\/auszuge-aus-buchern-und-vorlesungen-von-steiner-zum-thema-noten-und-zeugnisse\/\">Ausz\u00fcge aus B\u00fcchern und Vorlesungen von Steiner zum Thema Noten und Zeugnisse<\/a>\r\n            <\/div>\r\n    <div class=\"element element_1  excerpt\">\r\n        GA 81 Erneuerungs-Impulse f\u00fcr Kultur und Wissenschaft 1922 Seite 87 Ich will nur eines erw\u00e4hnen. Es ist ja heute in            <\/div>\r\n            <a class=\"element element_2  read_more\"\r\n            target=\"\"\r\n            href=\"https:\/\/mirkokulig.com\/en\/auszuge-aus-buchern-und-vorlesungen-von-steiner-zum-thema-noten-und-zeugnisse\/\"><\/a>\r\n      <\/div>\n    <\/div>\n  <\/div><div class=\"item item-818 skin flat even 6\">\n        <div class=\"layer-wrapper layout-\">\n        <div class=\"layer-media\"><a href=\"https:\/\/mirkokulig.com\/en\/herstellung-eines-orgon-kissen\/\"><img decoding=\"async\" alt=\"orgon akkumulator\" src=\"https:\/\/mirkokulig.com\/wp-content\/uploads\/2019\/08\/thumbnail-tedesco-1024x647.jpg\" \/><\/a><\/div>\n  <div class=\"layer-content\">\n        <div class=\"element element_0  title_link\">\r\n                    <a target=\"\"\r\n                href=\"https:\/\/mirkokulig.com\/en\/herstellung-eines-orgon-kissen\/\">Video &#8211; Herstellung eines Orgon-Kissen<\/a>\r\n            <\/div>\r\n    <div class=\"element element_1  excerpt\">\r\n        Herstellung eines 3 Schichten Orgon-Kissen (gem\u00e4ss Wilhelm Reich)            <\/div>\r\n            <a class=\"element element_2  read_more\"\r\n            target=\"\"\r\n            href=\"https:\/\/mirkokulig.com\/en\/herstellung-eines-orgon-kissen\/\"><\/a>\r\n      <\/div>\n    <\/div>\n  <\/div><div class=\"item item-439 skin flat odd 7\">\n        <div class=\"layer-wrapper layout-\">\n        <div class=\"layer-media\"><a href=\"https:\/\/mirkokulig.com\/en\/439-2\/\"><img decoding=\"async\" alt=\"tripartizione\" src=\"https:\/\/mirkokulig.com\/wp-content\/uploads\/2019\/07\/Tripartition-1024x577.jpg\" \/><\/a><\/div>\n  <div class=\"layer-content\">\n        <div class=\"element element_0  title_link\">\r\n                    <a target=\"\"\r\n                href=\"https:\/\/mirkokulig.com\/en\/439-2\/\">\u00dcber die Dreiteiligkeit des Hauptunterrichtes<\/a>\r\n            <\/div>\r\n    <div class=\"element element_1  excerpt\">\r\n        Mirko Kulig, 2016 Hier herunterladen Eine schnelle Internetsuche mit den Worten \"Rhythmischer Teil\" ergibt eine lange Liste von Resultaten aus            <\/div>\r\n            <a class=\"element element_2  read_more\"\r\n            target=\"\"\r\n            href=\"https:\/\/mirkokulig.com\/en\/439-2\/\"><\/a>\r\n      <\/div>\n    <\/div>\n  <\/div>    <\/div>\n    <div class=\"pagination\">\n      <div class=\"paginate\">\n      <\/div>\n  <style type=\"text\/css\">\n    #post-grid-928 .pagination .page-numbers {\n      font-size: 16px;\n      color: #fff;\n      background: #646464;\n    }\n\n    #post-grid-928 .pagination .page-numbers:hover,\n    #post-grid-928 .pagination .page-numbers.current {\n      background: #4b4b4b;\n    }\n  <\/style>\n  <\/div>\n      <script>\n          <\/script>\n    <style type=\"text\/css\">\n    #post-grid-928 .element_0 {\n      display: block;font-size: 21px;line-height: normal;padding: 5px 10px;text-align: left; text-decoration: none;    }\n\n    #post-grid-928 .element_1 {\n      display: block;font-size: 14px;padding: 5px 10px;text-align: left;    }\n\n    #post-grid-928 .element_2 {\n      display: block;font-size: 12px;font-weight: bold;padding: 0 10px;text-align: left;text-decoration: none;    }\n\n    #post-grid-928 .element_0:hover{}#post-grid-928 .element_1:hover{}#post-grid-928 .element_2:hover{}  <\/style>\n  <style type=\"text\/css\">\n    #post-grid-928 {\n      padding: 10px;\n          }\n\n    #post-grid-928 .item {\n      padding: 0px;\n      background: #fff;\n          }\n\n    #post-grid-928 .item .layer-media {\n      height:auto;    }\n\n    @media only screen and (min-width: 0px) and (max-width: 767px) {\n      #post-grid-928 .grid-items {\n        text-align: center;\n              }\n\n      #post-grid-928 .item {\n        width: 90%;\n        margin: 10px;\n        display: inline-block;\n        vertical-align: top;\n        height:auto;      }\n    }\n\n    @media only screen and (min-width: 768px) and (max-width: 1023px) {\n      #post-grid-928 .grid-items {\n        text-align: center;\n              }\n\n      #post-grid-928 .item {\n        width: 280px;\n        margin: 10px;\n        display: inline-block;\n        vertical-align: top;\n        max-height:auto;      }\n    }\n\n    @media only screen and (min-width: 1024px) {\n      #post-grid-928 .grid-items {\n        text-align: center;\n              }\n\n      #post-grid-928 .item {\n        width: 280px;\n        display: inline-block;\n        margin: 10px;\n        vertical-align: top;\n        height:auto;      }\n    }\n\n      <\/style>\n  <\/div>\n\n\n\n\n<hr class=\"wp-block-separator has-css-opacity\"\/>","protected":false},"excerpt":{"rendered":"","protected":false},"author":1,"featured_media":0,"parent":0,"menu_order":0,"comment_status":"closed","ping_status":"closed","template":"","meta":{"footnotes":""},"class_list":["post-609","page","type-page","status-publish","hentry"],"aioseo_notices":[],"_links":{"self":[{"href":"https:\/\/mirkokulig.com\/en\/wp-json\/wp\/v2\/pages\/609","targetHints":{"allow":["GET"]}}],"collection":[{"href":"https:\/\/mirkokulig.com\/en\/wp-json\/wp\/v2\/pages"}],"about":[{"href":"https:\/\/mirkokulig.com\/en\/wp-json\/wp\/v2\/types\/page"}],"author":[{"embeddable":true,"href":"https:\/\/mirkokulig.com\/en\/wp-json\/wp\/v2\/users\/1"}],"replies":[{"embeddable":true,"href":"https:\/\/mirkokulig.com\/en\/wp-json\/wp\/v2\/comments?post=609"}],"version-history":[{"count":5,"href":"https:\/\/mirkokulig.com\/en\/wp-json\/wp\/v2\/pages\/609\/revisions"}],"predecessor-version":[{"id":2387,"href":"https:\/\/mirkokulig.com\/en\/wp-json\/wp\/v2\/pages\/609\/revisions\/2387"}],"wp:attachment":[{"href":"https:\/\/mirkokulig.com\/en\/wp-json\/wp\/v2\/media?parent=609"}],"curies":[{"name":"wp","href":"https:\/\/api.w.org\/{rel}","templated":true}]}}