{"id":624,"date":"2019-07-31T17:30:49","date_gmt":"2019-07-31T15:30:49","guid":{"rendered":"https:\/\/mirkokulig.com\/?page_id=624"},"modified":"2022-11-25T17:19:50","modified_gmt":"2022-11-25T16:19:50","slug":"elettricita","status":"publish","type":"page","link":"https:\/\/mirkokulig.com\/en\/scienze\/elettricita\/","title":{"rendered":"Elettricit\u00e0"},"content":{"rendered":"<p> Conosciamo ed utilizziamo tutti l&#8217;elettricit\u00e0. Meno noto \u00e8 il fatto che diversi ricercatori del passato avevano fatto scoperte sorprendendenti che sono cadute nell&#8217;oblio. In questa sezione trovi degli articoli in merito a queste scoperte. <\/p>\n\n\n      <div id=\"post-grid-lazy-922\" class=\"post-grid-lazy\"><img decoding=\"async\" alt=\"\" src=\"\" \/><\/div>\n    <script>\n      jQuery('#post-grid-lazy-922').ready(function($) {\n        $('#post-grid-lazy-922').fadeOut();\n        $('#post-grid-922   ').fadeIn();\n      })\n    <\/script>\n    <style type=\"text\/css\">\n      #post-grid-922 {\n        display: none;\n      }\n\n      .post-grid-lazy {\n        text-align: center;\n      }\n    <\/style>\n    <div data-options='{&quot;id&quot;:&quot;922&quot;,&quot;lazy_load&quot;:&quot;yes&quot;,&quot;masonry_enable&quot;:&quot;no&quot;,&quot;view_type&quot;:&quot;grid&quot;}' id=\"post-grid-922\" class=\"post-grid grid\">\n    \n\n\n    <div class=\"grid-items\">\n      <div class=\"item item-1817 skin flat even 0\">\n        <div class=\"layer-wrapper layout-\">\n        <div class=\"layer-media\"><a href=\"https:\/\/mirkokulig.com\/en\/violet-ray-resources-and-documentation\/\"><img decoding=\"async\" alt=\"\" src=\"https:\/\/mirkokulig.com\/wp-content\/uploads\/2021\/01\/Thumbnail-pagina-sito-1024x576.png\" \/><\/a><\/div>\n  <div class=\"layer-content\">\n        <div class=\"element element_0  title_link\">\r\n                    <a target=\"\"\r\n                href=\"https:\/\/mirkokulig.com\/en\/violet-ray-resources-and-documentation\/\">Violet Ray Resources and documentation<\/a>\r\n            <\/div>\r\n    <div class=\"element element_1  excerpt\">\r\n        In this page you will find some pdfs you can download with original user manuals of historical Violet Rays, safety            <\/div>\r\n            <a class=\"element element_2  read_more\"\r\n            target=\"\"\r\n            href=\"https:\/\/mirkokulig.com\/en\/violet-ray-resources-and-documentation\/\"><\/a>\r\n      <\/div>\n    <\/div>\n  <\/div><div class=\"item item-1518 skin flat odd 1\">\n        <div class=\"layer-wrapper layout-\">\n        <div class=\"layer-media\"><a href=\"https:\/\/mirkokulig.com\/en\/larcobaleno-invisibile\/\"><img decoding=\"async\" alt=\"\" src=\"https:\/\/mirkokulig.com\/wp-content\/uploads\/2020\/03\/invisible-rainbow.png\" \/><\/a><\/div>\n  <div class=\"layer-content\">\n        <div class=\"element element_0  title_link\">\r\n                    <a target=\"\"\r\n                href=\"https:\/\/mirkokulig.com\/en\/larcobaleno-invisibile\/\">L&#8217;arcobaleno Invisibile<\/a>\r\n            <\/div>\r\n    <div class=\"element element_1  excerpt\">\r\n        Segue il riassunto del libro \"The Invisible Rainbow - A history of electricity and life\" di Arthur Firstenberg Link al            <\/div>\r\n            <a class=\"element element_2  read_more\"\r\n            target=\"\"\r\n            href=\"https:\/\/mirkokulig.com\/en\/larcobaleno-invisibile\/\"><\/a>\r\n      <\/div>\n    <\/div>\n  <\/div><div class=\"item item-1367 skin flat even 2\">\n        <div class=\"layer-wrapper layout-\">\n        <div class=\"layer-media\"><a href=\"https:\/\/mirkokulig.com\/en\/video-cose-un-violet-ray\/\"><img decoding=\"async\" alt=\"\" src=\"https:\/\/mirkokulig.com\/wp-content\/uploads\/2019\/10\/Violet-ray-Italiano-1024x576.jpg\" \/><\/a><\/div>\n  <div class=\"layer-content\">\n        <div class=\"element element_0  title_link\">\r\n                    <a target=\"\"\r\n                href=\"https:\/\/mirkokulig.com\/en\/video-cose-un-violet-ray\/\">Video &#8211; Cos&#8217;\u00e8 un Violet Ray?<\/a>\r\n            <\/div>\r\n    <div class=\"element element_1  excerpt\">\r\n                    <\/div>\r\n            <a class=\"element element_2  read_more\"\r\n            target=\"\"\r\n            href=\"https:\/\/mirkokulig.com\/en\/video-cose-un-violet-ray\/\"><\/a>\r\n      <\/div>\n    <\/div>\n  <\/div><div class=\"item item-895 skin flat odd 3\">\n        <div class=\"layer-wrapper layout-\">\n        <div class=\"layer-media\"><a href=\"https:\/\/mirkokulig.com\/en\/video-giocare-a-fare-tesla-con-una-lampada-al-plasma\/\"><img decoding=\"async\" alt=\"plasma ball light\" src=\"https:\/\/mirkokulig.com\/wp-content\/uploads\/2019\/08\/plasma-ball-tubo-1-1024x602.jpg\" \/><\/a><\/div>\n  <div class=\"layer-content\">\n        <div class=\"element element_0  title_link\">\r\n                    <a target=\"\"\r\n                href=\"https:\/\/mirkokulig.com\/en\/video-giocare-a-fare-tesla-con-una-lampada-al-plasma\/\">Video &#8211; Giocare a fare Tesla con una lampada al plasma<\/a>\r\n            <\/div>\r\n    <div class=\"element element_1  excerpt\">\r\n        Come rifare gli esperimenti di Tesla con una lampada al plasma            <\/div>\r\n            <a class=\"element element_2  read_more\"\r\n            target=\"\"\r\n            href=\"https:\/\/mirkokulig.com\/en\/video-giocare-a-fare-tesla-con-una-lampada-al-plasma\/\"><\/a>\r\n      <\/div>\n    <\/div>\n  <\/div><div class=\"item item-848 skin flat even 4\">\n        <div class=\"layer-wrapper layout-\">\n        <div class=\"layer-media\"><a href=\"https:\/\/mirkokulig.com\/en\/video-oscillatore-a-onde-multiple-di-lakhovsky\/\"><img decoding=\"async\" alt=\"\" src=\"https:\/\/mirkokulig.com\/wp-content\/uploads\/2019\/08\/Thumbnail-1-1024x576.jpg\" \/><\/a><\/div>\n  <div class=\"layer-content\">\n        <div class=\"element element_0  title_link\">\r\n                    <a target=\"\"\r\n                href=\"https:\/\/mirkokulig.com\/en\/video-oscillatore-a-onde-multiple-di-lakhovsky\/\">Video &#8211; Oscillatore a Onde Multiple di Lakhovsky<\/a>\r\n            <\/div>\r\n    <div class=\"element element_1  excerpt\">\r\n        Siamo andati a visitare Bruno Sacco che possiede un oscillatore a onde multiple di Lakhovsky original ritrovato nel 2009 dalla            <\/div>\r\n            <a class=\"element element_2  read_more\"\r\n            target=\"\"\r\n            href=\"https:\/\/mirkokulig.com\/en\/video-oscillatore-a-onde-multiple-di-lakhovsky\/\"><\/a>\r\n      <\/div>\n    <\/div>\n  <\/div><div class=\"item item-836 skin flat odd 5\">\n        <div class=\"layer-wrapper layout-\">\n        <div class=\"layer-media\"><a href=\"https:\/\/mirkokulig.com\/en\/video-ascolta-le-radiazioni-dello-smartphone\/\"><img decoding=\"async\" alt=\"\" src=\"https:\/\/mirkokulig.com\/wp-content\/uploads\/2019\/08\/mobile-phone-italiano-1024x581.jpg\" \/><\/a><\/div>\n  <div class=\"layer-content\">\n        <div class=\"element element_0  title_link\">\r\n                    <a target=\"\"\r\n                href=\"https:\/\/mirkokulig.com\/en\/video-ascolta-le-radiazioni-dello-smartphone\/\">Video &#8211; Ascolta le radiazioni dello smartphone<\/a>\r\n            <\/div>\r\n    <div class=\"element element_1  excerpt\">\r\n        Effetti dello smartphone, del dumbphone e del portatile su di una vecchia radio            <\/div>\r\n            <a class=\"element element_2  read_more\"\r\n            target=\"\"\r\n            href=\"https:\/\/mirkokulig.com\/en\/video-ascolta-le-radiazioni-dello-smartphone\/\"><\/a>\r\n      <\/div>\n    <\/div>\n  <\/div><div class=\"item item-708 skin flat even 6\">\n        <div class=\"layer-wrapper layout-\">\n        <div class=\"layer-media\"><a href=\"https:\/\/mirkokulig.com\/en\/percorso-sperimentale-sulle-onde-radio\/\"><img decoding=\"async\" alt=\"\" src=\"https:\/\/mirkokulig.com\/wp-content\/uploads\/2019\/08\/Wimshurst-con-bobina-disegno-nomi-1024x890.jpg\" \/><\/a><\/div>\n  <div class=\"layer-content\">\n        <div class=\"element element_0  title_link\">\r\n                    <a target=\"\"\r\n                href=\"https:\/\/mirkokulig.com\/en\/percorso-sperimentale-sulle-onde-radio\/\">Percorso sperimentale sulle onde radio<\/a>\r\n            <\/div>\r\n    <div class=\"element element_1  excerpt\">\r\n        di Mirko Kulig, gennaio 2016 Scarica qui il pdf completo Introduzione Il percorso sperimentale proposto in questa pubblicazione \u00e8 nato            <\/div>\r\n            <a class=\"element element_2  read_more\"\r\n            target=\"\"\r\n            href=\"https:\/\/mirkokulig.com\/en\/percorso-sperimentale-sulle-onde-radio\/\"><\/a>\r\n      <\/div>\n    <\/div>\n  <\/div><div class=\"item item-528 skin flat odd 7\">\n        <div class=\"layer-wrapper layout-\">\n        <div class=\"layer-media\"><a href=\"https:\/\/mirkokulig.com\/en\/diffusione-della-tecnica-delle-telecomunicazioni\/\"><img decoding=\"async\" alt=\"\" src=\"https:\/\/mirkokulig.com\/wp-content\/uploads\/2019\/07\/Antenna-telecomunicazioni-1-1024x682.jpg\" \/><\/a><\/div>\n  <div class=\"layer-content\">\n        <div class=\"element element_0  title_link\">\r\n                    <a target=\"\"\r\n                href=\"https:\/\/mirkokulig.com\/en\/diffusione-della-tecnica-delle-telecomunicazioni\/\">Diffusione della tecnica delle telecomunicazioni<\/a>\r\n            <\/div>\r\n    <div class=\"element element_1  excerpt\">\r\n        di Manfred von Mackensen Da cosa deriva il grande apprezzamento della tecnica delle telecomunicazioni e la sua rapida diffusione? Il            <\/div>\r\n            <a class=\"element element_2  read_more\"\r\n            target=\"\"\r\n            href=\"https:\/\/mirkokulig.com\/en\/diffusione-della-tecnica-delle-telecomunicazioni\/\"><\/a>\r\n      <\/div>\n    <\/div>\n  <\/div><div class=\"item item-521 skin flat even 8\">\n        <div class=\"layer-wrapper layout-\">\n        <div class=\"layer-media\"><a href=\"https:\/\/mirkokulig.com\/en\/lesempio-dellelettricita\/\"><img decoding=\"async\" alt=\"Wimshurst machine\" src=\"https:\/\/mirkokulig.com\/wp-content\/uploads\/2019\/07\/macchina-di-Wimshurst-1024x577.jpg\" \/><\/a><\/div>\n  <div class=\"layer-content\">\n        <div class=\"element element_0  title_link\">\r\n                    <a target=\"\"\r\n                href=\"https:\/\/mirkokulig.com\/en\/lesempio-dellelettricita\/\">L&#8217;esempio dell&#8217;elettricit\u00e0<\/a>\r\n            <\/div>\r\n    <div class=\"element element_1  excerpt\">\r\n        di Mirko Kulig Nel programma di VII classe di fisica come proposto da Manfred von Mackensen, viene suggerito di introdurre            <\/div>\r\n            <a class=\"element element_2  read_more\"\r\n            target=\"\"\r\n            href=\"https:\/\/mirkokulig.com\/en\/lesempio-dellelettricita\/\"><\/a>\r\n      <\/div>\n    <\/div>\n  <\/div>    <\/div>\n    <div class=\"pagination\">\n      <div class=\"paginate\">\n      <\/div>\n  <style type=\"text\/css\">\n    #post-grid-922 .pagination .page-numbers {\n      font-size: 16px;\n      color: #fff;\n      background: #646464;\n    }\n\n    #post-grid-922 .pagination .page-numbers:hover,\n    #post-grid-922 .pagination .page-numbers.current {\n      background: #4b4b4b;\n    }\n  <\/style>\n  <\/div>\n      <script>\n          <\/script>\n    <style type=\"text\/css\">\n    #post-grid-922 .element_0 {\n      display: block;font-size: 21px;line-height: normal;padding: 5px 10px;text-align: left; text-decoration: none;    }\n\n    #post-grid-922 .element_1 {\n      display: block;font-size: 14px;padding: 5px 10px;text-align: left;    }\n\n    #post-grid-922 .element_2 {\n      display: block;font-size: 12px;font-weight: bold;padding: 0 10px;text-align: left;text-decoration: none;    }\n\n    #post-grid-922 .element_0:hover{}#post-grid-922 .element_1:hover{}#post-grid-922 .element_2:hover{}  <\/style>\n  <style type=\"text\/css\">\n    #post-grid-922 {\n      padding: 10px;\n          }\n\n    #post-grid-922 .item {\n      padding: 0px;\n      background: #fff;\n          }\n\n    #post-grid-922 .item .layer-media {\n      height:auto;    }\n\n    @media only screen and (min-width: 0px) and (max-width: 767px) {\n      #post-grid-922 .grid-items {\n        text-align: center;\n              }\n\n      #post-grid-922 .item {\n        width: 90%;\n        margin: 10px;\n        display: inline-block;\n        vertical-align: top;\n        height:auto;      }\n    }\n\n    @media only screen and (min-width: 768px) and (max-width: 1023px) {\n      #post-grid-922 .grid-items {\n        text-align: center;\n              }\n\n      #post-grid-922 .item {\n        width: 280px;\n        margin: 10px;\n        display: inline-block;\n        vertical-align: top;\n        max-height:auto;      }\n    }\n\n    @media only screen and (min-width: 1024px) {\n      #post-grid-922 .grid-items {\n        text-align: center;\n              }\n\n      #post-grid-922 .item {\n        width: 280px;\n        display: inline-block;\n        margin: 10px;\n        vertical-align: top;\n        height:auto;      }\n    }\n\n      <\/style>\n  <\/div>\n\n\n\n\n<hr class=\"wp-block-separator has-css-opacity\"\/>","protected":false},"excerpt":{"rendered":"<p>Conosciamo ed utilizziamo tutti l&#8217;elettricit\u00e0. Meno noto \u00e8 il fatto che diversi ricercatori del passato avevano fatto scoperte sorprendendenti che&hellip;<\/p>","protected":false},"author":1,"featured_media":0,"parent":619,"menu_order":0,"comment_status":"closed","ping_status":"closed","template":"","meta":{"footnotes":""},"class_list":["post-624","page","type-page","status-publish","hentry"],"aioseo_notices":[],"_links":{"self":[{"href":"https:\/\/mirkokulig.com\/en\/wp-json\/wp\/v2\/pages\/624","targetHints":{"allow":["GET"]}}],"collection":[{"href":"https:\/\/mirkokulig.com\/en\/wp-json\/wp\/v2\/pages"}],"about":[{"href":"https:\/\/mirkokulig.com\/en\/wp-json\/wp\/v2\/types\/page"}],"author":[{"embeddable":true,"href":"https:\/\/mirkokulig.com\/en\/wp-json\/wp\/v2\/users\/1"}],"replies":[{"embeddable":true,"href":"https:\/\/mirkokulig.com\/en\/wp-json\/wp\/v2\/comments?post=624"}],"version-history":[{"count":6,"href":"https:\/\/mirkokulig.com\/en\/wp-json\/wp\/v2\/pages\/624\/revisions"}],"predecessor-version":[{"id":2391,"href":"https:\/\/mirkokulig.com\/en\/wp-json\/wp\/v2\/pages\/624\/revisions\/2391"}],"up":[{"embeddable":true,"href":"https:\/\/mirkokulig.com\/en\/wp-json\/wp\/v2\/pages\/619"}],"wp:attachment":[{"href":"https:\/\/mirkokulig.com\/en\/wp-json\/wp\/v2\/media?parent=624"}],"curies":[{"name":"wp","href":"https:\/\/api.w.org\/{rel}","templated":true}]}}